{"id":8,"date":"2022-02-28T09:09:06","date_gmt":"2022-02-28T09:09:06","guid":{"rendered":"https:\/\/clientes.iverti.com\/?page_id=8"},"modified":"2022-03-01T08:06:40","modified_gmt":"2022-03-01T08:06:40","slug":"8-2","status":"publish","type":"page","link":"https:\/\/clientes.iverti.com\/","title":{"rendered":""},"content":{"rendered":"<p>[et_pb_section fb_built=\u00bb1&#8243; admin_label=\u00bbHero Section\u00bb _builder_version=\u00bb4.14.6&#8243; use_background_color_gradient=\u00bbon\u00bb background_color_gradient_start=\u00bb#2e3857&#8243; background_color_gradient_end=\u00bb#212529&#8243; background_image=\u00bbhttps:\/\/clientes.iverti.com\/wp-content\/uploads\/2022\/02\/img02-scaled-1.jpg\u00bb background_position=\u00bbbottom_center\u00bb custom_margin=\u00bb0px||0px||false|false\u00bb custom_padding=\u00bb100px|0px|100px|0px|false|false\u00bb global_colors_info=\u00bb{}\u00bb min_height__hover_enabled=\u00bbon|desktop\u00bb][et_pb_row column_structure=\u00bb1_2,1_2&#8243; admin_label=\u00bbAccepts Payment everywhere\u00bb _builder_version=\u00bb4.14.6&#8243; background_size=\u00bbinitial\u00bb background_position=\u00bbtop_left\u00bb background_repeat=\u00bbrepeat\u00bb custom_margin=\u00bb7%||7%||false|false\u00bb custom_padding=\u00bb|||\u00bb global_colors_info=\u00bb{}\u00bb][et_pb_column type=\u00bb1_2&#8243; _builder_version=\u00bb3.25&#8243; custom_padding=\u00bb|||\u00bb global_colors_info=\u00bb{}\u00bb custom_padding__hover=\u00bb|||\u00bb][et_pb_text _builder_version=\u00bb4.14.6&#8243; text_font=\u00bbPT Sans||||||||\u00bb text_text_color=\u00bbrgba(255,255,255,0.7)\u00bb text_font_size=\u00bb18px\u00bb text_line_height=\u00bb1.8em\u00bb header_font=\u00bbPoppins|500|||||||\u00bb header_font_size=\u00bb44px\u00bb header_line_height=\u00bb1.3em\u00bb header_2_font=\u00bb||||||||\u00bb header_3_font=\u00bb||||||||\u00bb header_4_font=\u00bb||||||||\u00bb background_layout=\u00bbdark\u00bb global_colors_info=\u00bb{}\u00bb]<\/p>\n<h1>La gesti\u00f3n de su web est\u00e1 inactiva al no poder actualizarse.<\/h1>\n<p>Si necesita m\u00e1s informaci\u00f3n, contacte con su proveedor de servicios web.[\/et_pb_text][et_pb_button button_url=\u00bbtel:911680846&#8243; button_text=\u00bbLLamar 911680846&#8243; _builder_version=\u00bb4.14.6&#8243; custom_button=\u00bbon\u00bb button_text_size=\u00bb16px\u00bb button_text_color=\u00bb#FFFFFF\u00bb button_bg_color=\u00bb#E09900&#8243; button_border_color=\u00bb#E09900&#8243; button_border_radius=\u00bb100px\u00bb button_font=\u00bbPT Sans|700|||||||\u00bb button_use_icon=\u00bboff\u00bb custom_margin=\u00bb|||\u00bb custom_padding=\u00bb10px|30px|10px|30px\u00bb hover_enabled=\u00bb0&#8243; box_shadow_style=\u00bbpreset3&#8243; box_shadow_vertical=\u00bb8px\u00bb box_shadow_blur=\u00bb35px\u00bb box_shadow_color=\u00bbrgba(77,170,242,0.36)\u00bb global_colors_info=\u00bb{}\u00bb button_text_size__hover_enabled=\u00bboff\u00bb button_one_text_size__hover_enabled=\u00bboff\u00bb button_two_text_size__hover_enabled=\u00bboff\u00bb button_text_color__hover_enabled=\u00bboff\u00bb button_one_text_color__hover_enabled=\u00bboff\u00bb button_two_text_color__hover_enabled=\u00bboff\u00bb button_border_width__hover_enabled=\u00bboff\u00bb button_one_border_width__hover_enabled=\u00bboff\u00bb button_two_border_width__hover_enabled=\u00bboff\u00bb button_border_color__hover_enabled=\u00bboff\u00bb button_one_border_color__hover_enabled=\u00bboff\u00bb button_two_border_color__hover_enabled=\u00bboff\u00bb button_border_radius__hover_enabled=\u00bboff\u00bb button_one_border_radius__hover_enabled=\u00bboff\u00bb button_two_border_radius__hover_enabled=\u00bboff\u00bb button_letter_spacing__hover_enabled=\u00bboff\u00bb button_one_letter_spacing__hover_enabled=\u00bboff\u00bb button_two_letter_spacing__hover_enabled=\u00bboff\u00bb button_bg_color__hover_enabled=\u00bboff\u00bb button_one_bg_color__hover_enabled=\u00bboff\u00bb button_two_bg_color__hover_enabled=\u00bboff\u00bb sticky_enabled=\u00bb0&#8243;][\/et_pb_button][\/et_pb_column][et_pb_column type=\u00bb1_2&#8243; _builder_version=\u00bb3.25&#8243; background_blend=\u00bboverlay\u00bb custom_padding=\u00bb|||\u00bb global_colors_info=\u00bb{}\u00bb custom_padding__hover=\u00bb|||\u00bb][et_pb_image src=\u00bbhttps:\/\/clientes.iverti.com\/wp-content\/uploads\/2022\/02\/finance-illustration-01.png\u00bb title_text=\u00bbfinance-illustration-01&#8243; align=\u00bbcenter\u00bb force_fullwidth=\u00bbon\u00bb _builder_version=\u00bb4.14.6&#8243; module_alignment=\u00bbleft\u00bb animation_style=\u00bbslide\u00bb animation_direction=\u00bbtop\u00bb animation_intensity_slide=\u00bb10%\u00bb always_center_on_mobile=\u00bboff\u00bb global_colors_info=\u00bb{}\u00bb][\/et_pb_image][\/et_pb_column][\/et_pb_row][\/et_pb_section]<\/p>\n","protected":false},"excerpt":{"rendered":"<p>La gesti\u00f3n de su web est\u00e1 inactiva al no poder actualizarse. Si necesita m\u00e1s informaci\u00f3n, contacte con su proveedor de servicios web.<\/p>\n","protected":false},"author":1,"featured_media":17,"parent":0,"menu_order":0,"comment_status":"closed","ping_status":"closed","template":"page-template-blank.php","meta":{"_et_pb_use_builder":"on","_et_pb_old_content":"","_et_gb_content_width":"","footnotes":""},"class_list":["post-8","page","type-page","status-publish","has-post-thumbnail","hentry"],"_links":{"self":[{"href":"https:\/\/clientes.iverti.com\/index.php?rest_route=\/wp\/v2\/pages\/8","targetHints":{"allow":["GET"]}}],"collection":[{"href":"https:\/\/clientes.iverti.com\/index.php?rest_route=\/wp\/v2\/pages"}],"about":[{"href":"https:\/\/clientes.iverti.com\/index.php?rest_route=\/wp\/v2\/types\/page"}],"author":[{"embeddable":true,"href":"https:\/\/clientes.iverti.com\/index.php?rest_route=\/wp\/v2\/users\/1"}],"replies":[{"embeddable":true,"href":"https:\/\/clientes.iverti.com\/index.php?rest_route=%2Fwp%2Fv2%2Fcomments&post=8"}],"version-history":[{"count":11,"href":"https:\/\/clientes.iverti.com\/index.php?rest_route=\/wp\/v2\/pages\/8\/revisions"}],"predecessor-version":[{"id":39,"href":"https:\/\/clientes.iverti.com\/index.php?rest_route=\/wp\/v2\/pages\/8\/revisions\/39"}],"wp:featuredmedia":[{"embeddable":true,"href":"https:\/\/clientes.iverti.com\/index.php?rest_route=\/wp\/v2\/media\/17"}],"wp:attachment":[{"href":"https:\/\/clientes.iverti.com\/index.php?rest_route=%2Fwp%2Fv2%2Fmedia&parent=8"}],"curies":[{"name":"wp","href":"https:\/\/api.w.org\/{rel}","templated":true}]}}